{"id":1750,"date":"2025-07-13T10:45:54","date_gmt":"2025-07-13T08:45:54","guid":{"rendered":"https:\/\/atelierflow.de\/?page_id=1750"},"modified":"2025-09-15T18:35:29","modified_gmt":"2025-09-15T16:35:29","slug":"salon","status":"publish","type":"page","link":"https:\/\/atelierflow.de\/index.php\/salon\/","title":{"rendered":"Salon"},"content":{"rendered":"<div class=\"wp-block-image\">\n<figure class=\"aligncenter size-medium\"><img loading=\"lazy\" decoding=\"async\" width=\"300\" height=\"300\" src=\"https:\/\/atelierflow.de\/wp-content\/uploads\/2025\/07\/Salon_Logo_LilaBlack-300x300.png\" alt=\"\" class=\"wp-image-1834\" srcset=\"https:\/\/atelierflow.de\/wp-content\/uploads\/2025\/07\/Salon_Logo_LilaBlack-300x300.png 300w, https:\/\/atelierflow.de\/wp-content\/uploads\/2025\/07\/Salon_Logo_LilaBlack-150x150.png 150w, https:\/\/atelierflow.de\/wp-content\/uploads\/2025\/07\/Salon_Logo_LilaBlack-768x768.png 768w, https:\/\/atelierflow.de\/wp-content\/uploads\/2025\/07\/Salon_Logo_LilaBlack.png 1024w\" sizes=\"auto, (max-width: 300px) 100vw, 300px\" \/><\/figure><\/div>\n\n\n<p><em>\u2013 der FLINTA*-Kreis im Flow<\/em><\/p>\n\n\n\n<p><br><br>Im zweimonatigen Rhythmus laden wir ein zum Salon &#8211; einem Raum f\u00fcr Begegnung, Austausch und gemeinsames Nachdenken. Offen f\u00fcr alle FLINTA*, mit einem besonderen Fokus auf lesbische Perspektiven und Erfahrungen.<\/p>\n\n\n\n<p>In Workshops und offenen Gespr\u00e4chsrunden greifen wir Themen auf, die uns bewegen &#8211; mal politisch, mal pers\u00f6nlich, oft beides. 2025 dreht sich alles um das Gef\u00fchl der <strong>Wut<\/strong>: Woher kommt sie? Was sagt sie uns? Und wie kann aus ihr Kraft f\u00fcr Ver\u00e4nderung entstehen? <\/p>\n\n\n\n<p>Die Themen f\u00fcr 2026 entwickeln wir gemeinsam &#8211; im Austausch mit euch.<\/p>\n\n\n\n<p><br>Nach dem Gespr\u00e4chsteil geht\u2019s weiter mit einem selbstorganisierten Buffet, Getr\u00e4nken und Zeit zum Rumh\u00e4ngen, Lachen und Verb\u00fcnden. Bringt gern Snacks mit &#8211; Getr\u00e4nke gibt\u2019s gegen Spende vom Flow.<\/p>\n\n\n<div class=\"event_listings\" data-location=\"\" data-keywords=\"\" data-show_filters=\"false\" data-show_pagination=\"false\" data-per_page=\"3\" data-orderby=\"event_start_date\" data-order=\"DESC\" data-datetimes=\"\" data-categories=\"salon\" data-event_types=\"\" data-ticket_prices=\"\" data-event_online=\"\" ><div class=\"wpem-main wpem-event-listings-header\">\r\n    <div class=\"wpem-row\">\r\n        <div class=\"wpem-col wpem-col-12 wpem-col-sm-6 wpem-col-md-6 wpem-col-lg-8\">\r\n            <div class=\"wpem-event-listing-header-title\">\r\n                                    <h2 class=\"wpem-heading-text\">Events<\/h2>\r\n                            <\/div>\r\n        <\/div>\r\n        <div class=\"wpem-col wpem-col-12 wpem-col-sm-6 wpem-col-md-6 wpem-col-lg-4\">\r\n            <div class=\"wpem-event-layout-action-wrapper\">\r\n                <div class=\"wpem-event-layout-action\">\r\n                                                                    <div class=\"wpem-event-layout-icon wpem-event-box-layout\" title=\"Events Box View\" id=\"wpem-event-box-layout\"><i class=\"wpem-icon-stop2\"><\/i><\/div>\r\n                        <div class=\"wpem-event-layout-icon wpem-event-list-layout wpem-active-layout\" title=\"Events List View\" id=\"wpem-event-list-layout\"><i class=\"wpem-icon-menu\"><\/i><\/div>\r\n                                                            <\/div>\r\n            <\/div>\r\n        <\/div>\r\n    <\/div>\r\n<\/div>\r\n\r\n<!-- Event listing view -->\r\n\r\n<div class=\"event_listings_main\">\r\n    <div id=\"event-listing-view\" class=\"wpem-main wpem-event-listings event_listings wpem-event-listing-list-view\" data-id=\"all\">\n<div class=\"wpem-event-box-col wpem-col wpem-col-12 wpem-col-md-6 wpem-col-lg-4\">\n    <!----- wpem-col-lg-4 value can be change by admin settings ------->\n    <div class=\"wpem-event-layout-wrapper\">\n        <div class=\"event_listing post-1912 type-event_listing status-publish has-post-thumbnail hentry event_listing_category-salon\">\n            <a href=\"https:\/\/atelierflow.de\/index.php\/event\/salon-lesekreis\/\" class=\"wpem-event-action-url event-style-color \">\n                <div class=\"wpem-event-banner\">\n                    <div class=\"wpem-event-banner-img\" style=\"background-image: url(https:\/\/atelierflow.de\/wp-content\/uploads\/2025\/10\/herbst.jpg)\">\n                        <!-- Hide in list View \/\/ Show in Box View -->\n                                                <div class=\"wpem-event-date\">\n                            <div class=\"wpem-event-date-type\">\n                                                                    <div class=\"wpem-from-date\">\n                                        <div class=\"wpem-date\">26<\/div>\n                                        <div class=\"wpem-month\">Oct<\/div>\n                                    <\/div>\n                                                            <\/div>\n                        <\/div>\n                        <!-- Hide in list View \/\/ Show in Box View -->\n                    <\/div>\n                <\/div>\n\n                <div class=\"wpem-event-infomation\">\n                    <div class=\"wpem-event-date\">\n                        <div class=\"wpem-event-date-type\">\n                                                            <div class=\"wpem-from-date\">\n                                    <div class=\"wpem-date\">26<\/div>\n                                    <div class=\"wpem-month\">Oct<\/div>\n                                <\/div>\n                                                    <\/div>\n                    <\/div>\n\n                    <div class=\"wpem-event-details\">\n                                                <div class=\"wpem-event-title\">\n                            <h3 class=\"wpem-heading-text\">Salon \/\/ LESEKREIS<\/h3>\n                        <\/div>\n\n                        <div class=\"wpem-event-date-time\">\n                            <span class=\"wpem-event-date-time-text\">\n                                2025-10-26                                 @ 16:00                            <\/span>\n                        <\/div>\n                        <div class=\"wpem-event-location\">\n                            <span class=\"wpem-event-location-text\">\n                                -                            <\/span>\n                        <\/div>\n                        \n                        <!-- Show in list View \/\/ Hide in Box View -->\n                                                <!-- Show in list View \/\/ Hide in Box View -->\n                                            <\/div>\n                <\/div>\n            <\/a>\n        <\/div>\n    <\/div>\n<\/div>\n<div class=\"wpem-event-box-col wpem-col wpem-col-12 wpem-col-md-6 wpem-col-lg-4\">\n    <!----- wpem-col-lg-4 value can be change by admin settings ------->\n    <div class=\"wpem-event-layout-wrapper\">\n        <div class=\"event_listing post-1839 type-event_listing status-publish has-post-thumbnail hentry event_listing_category-salon\">\n            <a href=\"https:\/\/atelierflow.de\/index.php\/event\/salon-kung-fu\/\" class=\"wpem-event-action-url event-style-color \">\n                <div class=\"wpem-event-banner\">\n                    <div class=\"wpem-event-banner-img\" style=\"background-image: url(https:\/\/atelierflow.de\/wp-content\/uploads\/2025\/07\/KungFu_Salon.jpg)\">\n                        <!-- Hide in list View \/\/ Show in Box View -->\n                                                <div class=\"wpem-event-date\">\n                            <div class=\"wpem-event-date-type\">\n                                                                    <div class=\"wpem-from-date\">\n                                        <div class=\"wpem-date\">28<\/div>\n                                        <div class=\"wpem-month\">Sep<\/div>\n                                    <\/div>\n                                                            <\/div>\n                        <\/div>\n                        <!-- Hide in list View \/\/ Show in Box View -->\n                    <\/div>\n                <\/div>\n\n                <div class=\"wpem-event-infomation\">\n                    <div class=\"wpem-event-date\">\n                        <div class=\"wpem-event-date-type\">\n                                                            <div class=\"wpem-from-date\">\n                                    <div class=\"wpem-date\">28<\/div>\n                                    <div class=\"wpem-month\">Sep<\/div>\n                                <\/div>\n                                                    <\/div>\n                    <\/div>\n\n                    <div class=\"wpem-event-details\">\n                                                <div class=\"wpem-event-title\">\n                            <h3 class=\"wpem-heading-text\">Salon \/\/ WUT SCH\u00c4TZE<\/h3>\n                        <\/div>\n\n                        <div class=\"wpem-event-date-time\">\n                            <span class=\"wpem-event-date-time-text\">\n                                2025-09-28                                 @ 16:00                            <\/span>\n                        <\/div>\n                        <div class=\"wpem-event-location\">\n                            <span class=\"wpem-event-location-text\">\n                                -                            <\/span>\n                        <\/div>\n                        \n                        <!-- Show in list View \/\/ Hide in Box View -->\n                                                <!-- Show in list View \/\/ Hide in Box View -->\n                                            <\/div>\n                <\/div>\n            <\/a>\n        <\/div>\n    <\/div>\n<\/div>\n<div class=\"wpem-event-box-col wpem-col wpem-col-12 wpem-col-md-6 wpem-col-lg-4\">\n    <!----- wpem-col-lg-4 value can be change by admin settings ------->\n    <div class=\"wpem-event-layout-wrapper\">\n        <div class=\"event_listing post-1786 type-event_listing status-publish has-post-thumbnail hentry event_listing_category-salon\">\n            <a href=\"https:\/\/atelierflow.de\/index.php\/event\/salon-wut\/\" class=\"wpem-event-action-url event-style-color \">\n                <div class=\"wpem-event-banner\">\n                    <div class=\"wpem-event-banner-img\" style=\"background-image: url(https:\/\/atelierflow.de\/wp-content\/uploads\/2025\/07\/Angry_and_lesbian_and_feminist_and_proud.jpg)\">\n                        <!-- Hide in list View \/\/ Show in Box View -->\n                                                <div class=\"wpem-event-date\">\n                            <div class=\"wpem-event-date-type\">\n                                                                    <div class=\"wpem-from-date\">\n                                        <div class=\"wpem-date\">27<\/div>\n                                        <div class=\"wpem-month\">Jul<\/div>\n                                    <\/div>\n                                                            <\/div>\n                        <\/div>\n                        <!-- Hide in list View \/\/ Show in Box View -->\n                    <\/div>\n                <\/div>\n\n                <div class=\"wpem-event-infomation\">\n                    <div class=\"wpem-event-date\">\n                        <div class=\"wpem-event-date-type\">\n                                                            <div class=\"wpem-from-date\">\n                                    <div class=\"wpem-date\">27<\/div>\n                                    <div class=\"wpem-month\">Jul<\/div>\n                                <\/div>\n                                                    <\/div>\n                    <\/div>\n\n                    <div class=\"wpem-event-details\">\n                                                <div class=\"wpem-event-title\">\n                            <h3 class=\"wpem-heading-text\">Salon \/\/ WUT<\/h3>\n                        <\/div>\n\n                        <div class=\"wpem-event-date-time\">\n                            <span class=\"wpem-event-date-time-text\">\n                                2025-07-27                                 @ 16:00                            <\/span>\n                        <\/div>\n                        <div class=\"wpem-event-location\">\n                            <span class=\"wpem-event-location-text\">\n                                -                            <\/span>\n                        <\/div>\n                        \n                        <!-- Show in list View \/\/ Hide in Box View -->\n                                                <!-- Show in list View \/\/ Hide in Box View -->\n                                            <\/div>\n                <\/div>\n            <\/a>\n        <\/div>\n    <\/div>\n<\/div><\/div>\n\t\t\t\t<div id=\"load_more_events_loader\">\n\t\t\t\t\t<a class=\"load_more_events\" id=\"load_more_events\" href=\"#\" ><strong>Load more listings<\/strong><\/a>\n\t\t\t\t<\/div>\n\t\t\t<\/div>\n\t\t\t<\/div>\n\n\n\n<div style=\"height:58px\" aria-hidden=\"true\" class=\"wp-block-spacer\"><\/div>\n\n\n\n<p class=\"has-medium-font-size\">Lust, dabei zu sein? Trag dich hier ein, um in unseren magischen Zirkel aufgenommen zu werden:<\/p>\n\n\n\n<p><em>\n\t\t\t<form id=\"sib_signup_form_2\" method=\"post\" class=\"sib_signup_form\">\n\t\t\t\t<div class=\"sib_loader\" style=\"display:none;\"><img\n\t\t\t\t\t\t\tsrc=\"https:\/\/atelierflow.de\/wp-includes\/images\/spinner.gif\" alt=\"loader\"><\/div>\n\t\t\t\t<input type=\"hidden\" name=\"sib_form_action\" value=\"subscribe_form_submit\">\n\t\t\t\t<input type=\"hidden\" name=\"sib_form_id\" value=\"2\">\n                <input type=\"hidden\" name=\"sib_form_alert_notice\" value=\"Please fill out this field\">\n                <input type=\"hidden\" name=\"sib_form_invalid_email_notice\" value=\"Your email address is invalid\">\n                <input type=\"hidden\" name=\"sib_security\" value=\"29ddc2c883\">\n\t\t\t\t<div class=\"sib_signup_box_inside_2\">\n\t\t\t\t\t<div style=\"\/*display:none*\/\" class=\"sib_msg_disp\">\n\t\t\t\t\t<\/div>\n                    \t\t\t\t\t<p class=\"sib-email-area\">\r\n    Email Addresse*\r\n    <input type=\"email\" class=\"sib-email-area\" name=\"email\" required=\"required\">\r\n<\/p>\r\n<p class=\"sib-FIRSTNAME-area\">\r\n    Vorname\r\n    <input type=\"text\" class=\"sib-FIRSTNAME-area\" name=\"FIRSTNAME\">\r\n<\/p>\r\n<p class=\"sib-LASTNAME-area\">\r\n    Nachname\r\n    <input type=\"text\" class=\"sib-LASTNAME-area\" name=\"LASTNAME\">\r\n<\/p>\r\n<p>\r\n    <input type=\"submit\" class=\"sib-default-btn\" value=\"Her mit dem Newsletter!\">\r\n<\/p>\r\n\t\t\t\t<\/div>\n\t\t\t<\/form>\n\t\t\t<style>\n\t\t\t\tform#sib_signup_form_2 p.sib-alert-message {\n    padding: 6px 12px;\n    margin-bottom: 20px;\n    border: 1px solid transparent;\n    border-radius: 4px;\n    -webkit-box-sizing: border-box;\n    -moz-box-sizing: border-box;\n    box-sizing: border-box;\n}\nform#sib_signup_form_2 p.sib-alert-message-error {\n    background-color: #f2dede;\n    border-color: #ebccd1;\n    color: #a94442;\n}\nform#sib_signup_form_2 p.sib-alert-message-success {\n    background-color: #dff0d8;\n    border-color: #d6e9c6;\n    color: #3c763d;\n}\nform#sib_signup_form_2 p.sib-alert-message-warning {\n    background-color: #fcf8e3;\n    border-color: #faebcc;\n    color: #8a6d3b;\n}\n\t\t\t<\/style>\n\t\t\t<\/em><\/p>\n\n\n\n<div style=\"height:58px\" aria-hidden=\"true\" class=\"wp-block-spacer\"><\/div>\n\n\n\n<figure class=\"wp-block-gallery has-nested-images columns-default is-cropped wp-block-gallery-1 is-layout-flex wp-block-gallery-is-layout-flex\">\n<figure class=\"wp-block-image size-large\"><img loading=\"lazy\" decoding=\"async\" width=\"768\" height=\"1024\" data-id=\"1764\" src=\"https:\/\/atelierflow.de\/wp-content\/uploads\/2025\/07\/IMG_5488-768x1024.jpg\" alt=\"\" class=\"wp-image-1764\" srcset=\"https:\/\/atelierflow.de\/wp-content\/uploads\/2025\/07\/IMG_5488-768x1024.jpg 768w, https:\/\/atelierflow.de\/wp-content\/uploads\/2025\/07\/IMG_5488-225x300.jpg 225w, https:\/\/atelierflow.de\/wp-content\/uploads\/2025\/07\/IMG_5488-1152x1536.jpg 1152w, https:\/\/atelierflow.de\/wp-content\/uploads\/2025\/07\/IMG_5488-1536x2048.jpg 1536w, https:\/\/atelierflow.de\/wp-content\/uploads\/2025\/07\/IMG_5488-scaled.jpg 1920w\" sizes=\"auto, (max-width: 768px) 100vw, 768px\" \/><\/figure>\n\n\n\n<figure class=\"wp-block-image size-large\"><img loading=\"lazy\" decoding=\"async\" width=\"768\" height=\"1024\" data-id=\"1763\" src=\"https:\/\/atelierflow.de\/wp-content\/uploads\/2025\/07\/IMG_5481-768x1024.jpg\" alt=\"\" class=\"wp-image-1763\" srcset=\"https:\/\/atelierflow.de\/wp-content\/uploads\/2025\/07\/IMG_5481-768x1024.jpg 768w, https:\/\/atelierflow.de\/wp-content\/uploads\/2025\/07\/IMG_5481-225x300.jpg 225w, https:\/\/atelierflow.de\/wp-content\/uploads\/2025\/07\/IMG_5481-1152x1536.jpg 1152w, https:\/\/atelierflow.de\/wp-content\/uploads\/2025\/07\/IMG_5481-1536x2048.jpg 1536w, https:\/\/atelierflow.de\/wp-content\/uploads\/2025\/07\/IMG_5481-scaled.jpg 1920w\" sizes=\"auto, (max-width: 768px) 100vw, 768px\" \/><\/figure>\n\n\n\n<figure class=\"wp-block-image size-large\"><img loading=\"lazy\" decoding=\"async\" width=\"1024\" height=\"769\" data-id=\"1779\" src=\"https:\/\/atelierflow.de\/wp-content\/uploads\/2025\/07\/photo_2025-07-13_11-23-16-1024x769.jpg\" alt=\"\" class=\"wp-image-1779\" srcset=\"https:\/\/atelierflow.de\/wp-content\/uploads\/2025\/07\/photo_2025-07-13_11-23-16-1024x769.jpg 1024w, https:\/\/atelierflow.de\/wp-content\/uploads\/2025\/07\/photo_2025-07-13_11-23-16-300x225.jpg 300w, https:\/\/atelierflow.de\/wp-content\/uploads\/2025\/07\/photo_2025-07-13_11-23-16-768x577.jpg 768w, https:\/\/atelierflow.de\/wp-content\/uploads\/2025\/07\/photo_2025-07-13_11-23-16.jpg 1280w\" sizes=\"auto, (max-width: 1024px) 100vw, 1024px\" \/><\/figure>\n\n\n\n<figure class=\"wp-block-image size-large\"><img loading=\"lazy\" decoding=\"async\" width=\"768\" height=\"1024\" data-id=\"1813\" src=\"https:\/\/atelierflow.de\/wp-content\/uploads\/2025\/07\/photo_2025-07-13_12-43-56-768x1024.jpg\" alt=\"\" class=\"wp-image-1813\" srcset=\"https:\/\/atelierflow.de\/wp-content\/uploads\/2025\/07\/photo_2025-07-13_12-43-56-768x1024.jpg 768w, https:\/\/atelierflow.de\/wp-content\/uploads\/2025\/07\/photo_2025-07-13_12-43-56-225x300.jpg 225w, https:\/\/atelierflow.de\/wp-content\/uploads\/2025\/07\/photo_2025-07-13_12-43-56.jpg 960w\" sizes=\"auto, (max-width: 768px) 100vw, 768px\" \/><\/figure>\n\n\n\n<figure class=\"wp-block-image size-large\"><img loading=\"lazy\" decoding=\"async\" width=\"768\" height=\"1024\" data-id=\"1772\" src=\"https:\/\/atelierflow.de\/wp-content\/uploads\/2025\/07\/IMG_5366-768x1024.jpg\" alt=\"\" class=\"wp-image-1772\" srcset=\"https:\/\/atelierflow.de\/wp-content\/uploads\/2025\/07\/IMG_5366-768x1024.jpg 768w, https:\/\/atelierflow.de\/wp-content\/uploads\/2025\/07\/IMG_5366-225x300.jpg 225w, https:\/\/atelierflow.de\/wp-content\/uploads\/2025\/07\/IMG_5366-1152x1536.jpg 1152w, https:\/\/atelierflow.de\/wp-content\/uploads\/2025\/07\/IMG_5366.jpg 1536w\" sizes=\"auto, (max-width: 768px) 100vw, 768px\" \/><\/figure>\n\n\n\n<figure class=\"wp-block-image size-large\"><img loading=\"lazy\" decoding=\"async\" width=\"768\" height=\"1024\" data-id=\"1761\" src=\"https:\/\/atelierflow.de\/wp-content\/uploads\/2025\/07\/IMG_5316-768x1024.jpg\" alt=\"\" class=\"wp-image-1761\" srcset=\"https:\/\/atelierflow.de\/wp-content\/uploads\/2025\/07\/IMG_5316-768x1024.jpg 768w, https:\/\/atelierflow.de\/wp-content\/uploads\/2025\/07\/IMG_5316-225x300.jpg 225w, https:\/\/atelierflow.de\/wp-content\/uploads\/2025\/07\/IMG_5316-1152x1536.jpg 1152w, https:\/\/atelierflow.de\/wp-content\/uploads\/2025\/07\/IMG_5316-1536x2048.jpg 1536w, https:\/\/atelierflow.de\/wp-content\/uploads\/2025\/07\/IMG_5316-scaled.jpg 1920w\" sizes=\"auto, (max-width: 768px) 100vw, 768px\" \/><\/figure>\n\n\n\n<figure class=\"wp-block-image size-large\"><img loading=\"lazy\" decoding=\"async\" width=\"769\" height=\"1024\" data-id=\"1768\" src=\"https:\/\/atelierflow.de\/wp-content\/uploads\/2025\/07\/26354480-B349-4B68-9522-0DE4635CD77F-769x1024.jpg\" alt=\"\" class=\"wp-image-1768\" srcset=\"https:\/\/atelierflow.de\/wp-content\/uploads\/2025\/07\/26354480-B349-4B68-9522-0DE4635CD77F-769x1024.jpg 769w, https:\/\/atelierflow.de\/wp-content\/uploads\/2025\/07\/26354480-B349-4B68-9522-0DE4635CD77F-225x300.jpg 225w, https:\/\/atelierflow.de\/wp-content\/uploads\/2025\/07\/26354480-B349-4B68-9522-0DE4635CD77F-768x1023.jpg 768w, https:\/\/atelierflow.de\/wp-content\/uploads\/2025\/07\/26354480-B349-4B68-9522-0DE4635CD77F.jpg 868w\" sizes=\"auto, (max-width: 769px) 100vw, 769px\" \/><\/figure>\n\n\n\n<figure class=\"wp-block-image size-large\"><img loading=\"lazy\" decoding=\"async\" width=\"824\" height=\"1024\" data-id=\"1767\" src=\"https:\/\/atelierflow.de\/wp-content\/uploads\/2025\/07\/IMG_5610-824x1024.jpg\" alt=\"\" class=\"wp-image-1767\" srcset=\"https:\/\/atelierflow.de\/wp-content\/uploads\/2025\/07\/IMG_5610-824x1024.jpg 824w, https:\/\/atelierflow.de\/wp-content\/uploads\/2025\/07\/IMG_5610-242x300.jpg 242w, https:\/\/atelierflow.de\/wp-content\/uploads\/2025\/07\/IMG_5610-768x954.jpg 768w, https:\/\/atelierflow.de\/wp-content\/uploads\/2025\/07\/IMG_5610-1236x1536.jpg 1236w, https:\/\/atelierflow.de\/wp-content\/uploads\/2025\/07\/IMG_5610.jpg 1288w\" sizes=\"auto, (max-width: 824px) 100vw, 824px\" \/><\/figure>\n\n\n\n<figure class=\"wp-block-image size-large\"><img loading=\"lazy\" decoding=\"async\" width=\"769\" height=\"1024\" data-id=\"1769\" src=\"https:\/\/atelierflow.de\/wp-content\/uploads\/2025\/07\/783268A1-72C9-42A5-9F0E-99E7820D9CCC-769x1024.jpg\" alt=\"\" class=\"wp-image-1769\" srcset=\"https:\/\/atelierflow.de\/wp-content\/uploads\/2025\/07\/783268A1-72C9-42A5-9F0E-99E7820D9CCC-769x1024.jpg 769w, https:\/\/atelierflow.de\/wp-content\/uploads\/2025\/07\/783268A1-72C9-42A5-9F0E-99E7820D9CCC-225x300.jpg 225w, https:\/\/atelierflow.de\/wp-content\/uploads\/2025\/07\/783268A1-72C9-42A5-9F0E-99E7820D9CCC-768x1023.jpg 768w, https:\/\/atelierflow.de\/wp-content\/uploads\/2025\/07\/783268A1-72C9-42A5-9F0E-99E7820D9CCC.jpg 868w\" sizes=\"auto, (max-width: 769px) 100vw, 769px\" \/><\/figure>\n\n\n\n<figure class=\"wp-block-image size-large\"><img loading=\"lazy\" decoding=\"async\" width=\"769\" height=\"1024\" data-id=\"1770\" src=\"https:\/\/atelierflow.de\/wp-content\/uploads\/2025\/07\/IMG_5337-769x1024.jpg\" alt=\"\" class=\"wp-image-1770\" srcset=\"https:\/\/atelierflow.de\/wp-content\/uploads\/2025\/07\/IMG_5337-769x1024.jpg 769w, https:\/\/atelierflow.de\/wp-content\/uploads\/2025\/07\/IMG_5337-225x300.jpg 225w, https:\/\/atelierflow.de\/wp-content\/uploads\/2025\/07\/IMG_5337-768x1023.jpg 768w, https:\/\/atelierflow.de\/wp-content\/uploads\/2025\/07\/IMG_5337.jpg 961w\" sizes=\"auto, (max-width: 769px) 100vw, 769px\" \/><\/figure>\n\n\n\n<figure class=\"wp-block-image size-full\"><img loading=\"lazy\" decoding=\"async\" width=\"726\" height=\"960\" data-id=\"1771\" src=\"https:\/\/atelierflow.de\/wp-content\/uploads\/2025\/07\/IMG_5344.jpg\" alt=\"\" class=\"wp-image-1771\" srcset=\"https:\/\/atelierflow.de\/wp-content\/uploads\/2025\/07\/IMG_5344.jpg 726w, https:\/\/atelierflow.de\/wp-content\/uploads\/2025\/07\/IMG_5344-227x300.jpg 227w\" sizes=\"auto, (max-width: 726px) 100vw, 726px\" \/><\/figure>\n\n\n\n<figure class=\"wp-block-image size-large\"><img loading=\"lazy\" decoding=\"async\" width=\"768\" height=\"1024\" data-id=\"1773\" src=\"https:\/\/atelierflow.de\/wp-content\/uploads\/2025\/07\/IMG_5368-768x1024.jpg\" alt=\"\" class=\"wp-image-1773\" srcset=\"https:\/\/atelierflow.de\/wp-content\/uploads\/2025\/07\/IMG_5368-768x1024.jpg 768w, https:\/\/atelierflow.de\/wp-content\/uploads\/2025\/07\/IMG_5368-225x300.jpg 225w, https:\/\/atelierflow.de\/wp-content\/uploads\/2025\/07\/IMG_5368-1152x1536.jpg 1152w, https:\/\/atelierflow.de\/wp-content\/uploads\/2025\/07\/IMG_5368.jpg 1536w\" sizes=\"auto, (max-width: 768px) 100vw, 768px\" \/><\/figure>\n<\/figure>\n\n\n\n<div data-wp-interactive=\"core\/file\" class=\"wp-block-file\"><object data-wp-bind--hidden=\"!state.hasPdfPreview\" hidden class=\"wp-block-file__embed\" data=\"https:\/\/atelierflow.de\/wp-content\/uploads\/2025\/09\/SZ_Magazin_Wut.pdf\" type=\"application\/pdf\" style=\"width:100%;height:600px\" aria-label=\"Embed of SZ_Magazin_Wut.\"><\/object><a id=\"wp-block-file--media-0903cecd-1618-4f09-8885-e740d04a7f7a\" href=\"https:\/\/atelierflow.de\/wp-content\/uploads\/2025\/09\/SZ_Magazin_Wut.pdf\">SZ_Magazin_Wut<\/a><a href=\"https:\/\/atelierflow.de\/wp-content\/uploads\/2025\/09\/SZ_Magazin_Wut.pdf\" class=\"wp-block-file__button wp-element-button\" download aria-describedby=\"wp-block-file--media-0903cecd-1618-4f09-8885-e740d04a7f7a\">Download<\/a><\/div>\n","protected":false},"excerpt":{"rendered":"<p>\u2013 der FLINTA*-Kreis im Flow Im zweimonatigen Rhythmus laden wir ein zum Salon &#8211; einem Raum f\u00fcr Begegnung, Austausch und gemeinsames Nachdenken. Offen f\u00fcr alle FLINTA*, mit einem besonderen Fokus auf lesbische Perspektiven und Erfahrungen. In Workshops und offenen Gespr\u00e4chsrunden greifen wir Themen auf, die uns bewegen &#8211; mal politisch, mal pers\u00f6nlich, oft beides. 2025<\/p>\n<div><a class=\"btn-filled btn\" href=\"https:\/\/atelierflow.de\/index.php\/event\/salon-wut\/\" title=\"Salon \/\/ WUT\">Read More<\/a><\/div>\n","protected":false},"author":1,"featured_media":0,"parent":0,"menu_order":0,"comment_status":"closed","ping_status":"closed","template":"page-templates\/full-width.php","meta":{"footnotes":""},"class_list":["post-1750","page","type-page","status-publish","hentry"],"jetpack_sharing_enabled":true,"_links":{"self":[{"href":"https:\/\/atelierflow.de\/index.php\/wp-json\/wp\/v2\/pages\/1750","targetHints":{"allow":["GET"]}}],"collection":[{"href":"https:\/\/atelierflow.de\/index.php\/wp-json\/wp\/v2\/pages"}],"about":[{"href":"https:\/\/atelierflow.de\/index.php\/wp-json\/wp\/v2\/types\/page"}],"author":[{"embeddable":true,"href":"https:\/\/atelierflow.de\/index.php\/wp-json\/wp\/v2\/users\/1"}],"replies":[{"embeddable":true,"href":"https:\/\/atelierflow.de\/index.php\/wp-json\/wp\/v2\/comments?post=1750"}],"version-history":[{"count":49,"href":"https:\/\/atelierflow.de\/index.php\/wp-json\/wp\/v2\/pages\/1750\/revisions"}],"predecessor-version":[{"id":1863,"href":"https:\/\/atelierflow.de\/index.php\/wp-json\/wp\/v2\/pages\/1750\/revisions\/1863"}],"wp:attachment":[{"href":"https:\/\/atelierflow.de\/index.php\/wp-json\/wp\/v2\/media?parent=1750"}],"curies":[{"name":"wp","href":"https:\/\/api.w.org\/{rel}","templated":true}]}}