{"id":307,"date":"2020-10-28T06:25:14","date_gmt":"2020-10-28T05:25:14","guid":{"rendered":"https:\/\/atelierflow.de\/?page_id=307"},"modified":"2023-09-20T08:37:31","modified_gmt":"2023-09-20T06:37:31","slug":"frei","status":"publish","type":"page","link":"https:\/\/atelierflow.de\/index.php\/frei\/","title":{"rendered":"Freiraum"},"content":{"rendered":"\n<div style=\"height:37px\" aria-hidden=\"true\" class=\"wp-block-spacer\"><\/div>\n\n\n\n<p>Du bist selbstst\u00e4ndig\/freiberuflich unterwegs und auf der Suche nach einem inspirierenden Umfeld, um deine Projektideen zu verwirklichen?<\/p>\n\n\n\n<p>In einem gr\u00fcnen Hinterhof am Rande der Bonner Altstadt gelegen, bietet das Flow die perfekte Arbeitsatmosph\u00e4re mit Anschluss an die lokale Kunstszene.<\/p>\n\n\n\n<div style=\"height:37px\" aria-hidden=\"true\" class=\"wp-block-spacer\"><\/div>\n\n\n\n<figure class=\"wp-block-image size-large is-resized\"><img decoding=\"async\" src=\"http:\/\/atelierflow.de\/wp-content\/uploads\/2023\/03\/Flow_Rainbow-1024x768.jpg\" alt=\"\" class=\"wp-image-1198\" width=\"1157\" srcset=\"https:\/\/atelierflow.de\/wp-content\/uploads\/2023\/03\/Flow_Rainbow-1024x768.jpg 1024w, https:\/\/atelierflow.de\/wp-content\/uploads\/2023\/03\/Flow_Rainbow-300x225.jpg 300w, https:\/\/atelierflow.de\/wp-content\/uploads\/2023\/03\/Flow_Rainbow-768x576.jpg 768w, https:\/\/atelierflow.de\/wp-content\/uploads\/2023\/03\/Flow_Rainbow-155x116.jpg 155w, https:\/\/atelierflow.de\/wp-content\/uploads\/2023\/03\/Flow_Rainbow.jpg 1280w\" sizes=\"(max-width: 1024px) 100vw, 1024px\" \/><\/figure>\n\n\n\n<div style=\"height:37px\" aria-hidden=\"true\" class=\"wp-block-spacer\"><\/div>\n\n\n\n<p>Aktuell gibt es noch freie Coworking-Pl\u00e4tze in unserem Hinterzimmer zum sensationellen Preis von 50\u20ac\/Monat. An dem gro\u00dfen Tisch ist gen\u00fcgend Platz um sich mit Laptop, B\u00fcchern oder auch Bastelarbeiten auszubreiten (Clean Desk Policy!). Die Espressomaschine steht gleich nebenan und eure Sachen k\u00f6nnt ihr in unseren ger\u00e4umigen Schlie\u00dff\u00e4chern sicher verstauen. Gerne k\u00f6nnt ihr das Flow als Gesch\u00e4ftsadresse angeben oder auch mal Kund*innen oder Kolleg*innen hier her einladen. Superm\u00e4rkte und Cafes sind gleich um die Ecke, abends locken jede Menge gem\u00fctliche Kneipen mit einem k\u00fchlen Feierabendbier.<\/p>\n\n\n\n<div style=\"height:37px\" aria-hidden=\"true\" class=\"wp-block-spacer\"><\/div>\n\n\n\n<div class=\"wp-block-image\"><figure class=\"aligncenter size-large is-resized\"><img loading=\"lazy\" decoding=\"async\" src=\"http:\/\/atelierflow.de\/wp-content\/uploads\/2022\/08\/Flow_Flur-1024x683.jpg\" alt=\"\" class=\"wp-image-1096\" width=\"1157\" height=\"840\"\/><\/figure><\/div>\n\n\n\n<div style=\"height:37px\" aria-hidden=\"true\" class=\"wp-block-spacer\"><\/div>\n\n\n\n<p>Zum Studio geh\u00f6ren neben drei Einzelateliers und dem Hinterzimmer eine K\u00fcche und ein Foyer, das wir regelm\u00e4\u00dfig f\u00fcr kleine Ausstellungen nutzen. Die gro\u00dfe Tischplatte im Coworking-Bereich kann man abnehmen und nach Feierabend gem\u00fctlich eine Runde Billard spielen\u2026und im Sommer reicht das Wifi auch bis in den Garten!<\/p>\n\n\n\n<div class=\"wp-block-group\"><div class=\"wp-block-group__inner-container is-layout-flow wp-block-group-is-layout-flow\">\n<div class=\"wp-block-columns is-layout-flex wp-container-core-columns-is-layout-1 wp-block-columns-is-layout-flex\">\n<div class=\"wp-block-column is-layout-flow wp-block-column-is-layout-flow\" style=\"flex-basis:100%\"><\/div>\n<\/div>\n\n\n\n<div class=\"wp-block-media-text alignwide has-media-on-the-right is-stacked-on-mobile\"><figure class=\"wp-block-media-text__media\"><img loading=\"lazy\" decoding=\"async\" width=\"1707\" height=\"2560\" src=\"https:\/\/atelierflow.de\/wp-content\/uploads\/2021\/02\/Kuche-2.jpg-2-scaled.jpg\" alt=\"\" class=\"wp-image-648 size-full\" srcset=\"https:\/\/atelierflow.de\/wp-content\/uploads\/2021\/02\/Kuche-2.jpg-2-scaled.jpg 1707w, https:\/\/atelierflow.de\/wp-content\/uploads\/2021\/02\/Kuche-2.jpg-2-200x300.jpg 200w, https:\/\/atelierflow.de\/wp-content\/uploads\/2021\/02\/Kuche-2.jpg-2-683x1024.jpg 683w, https:\/\/atelierflow.de\/wp-content\/uploads\/2021\/02\/Kuche-2.jpg-2-768x1152.jpg 768w, https:\/\/atelierflow.de\/wp-content\/uploads\/2021\/02\/Kuche-2.jpg-2-1024x1536.jpg 1024w, https:\/\/atelierflow.de\/wp-content\/uploads\/2021\/02\/Kuche-2.jpg-2-1365x2048.jpg 1365w, https:\/\/atelierflow.de\/wp-content\/uploads\/2021\/02\/Kuche-2.jpg-2-77x116.jpg 77w\" sizes=\"auto, (max-width: 1707px) 100vw, 1707px\" \/><\/figure><div class=\"wp-block-media-text__content\">\n<p>Ausstattung:<\/p>\n\n\n\n<ul class=\"wp-block-list\"><li>schnelles Internet<\/li><li>Laserdrucker s\/w<\/li><li>Beamer (bei Bedarf)<\/li><li>Sp\u00fclmaschine<\/li><li>Espressomaschine<\/li><li>kleiner Pizzaofen<\/li><li>Induktionskochplatte<\/li><li>Schlie\u00dffachschrank<\/li><li>24\/7 Zugang<\/li><\/ul>\n<\/div><\/div>\n<\/div><\/div>\n\n\n\n<div style=\"height:32px\" aria-hidden=\"true\" class=\"wp-block-spacer\"><\/div>\n\n\n\n<p>Unsere Ateliergemeinschaft bietet Raum f\u00fcr die verschiedensten k\u00fcnstlerischen Positionen, Film, Foto, Grafik-\/Webdesign, Creative Coding und alles andere vorstellbare und unvorstellbare. Den Kern bilden eine Spray Paint &amp; Tattoo K\u00fcnstlerin (ihr geh\u00f6rt auch unser Atelierhund), ein unfassbar gut ausger\u00fcsteter, extrem nerdiger Analog-Fotograf\/Installationsk\u00fcnstler und eine subversiv-aktivistische Medienk\u00fcnstlerin, die sich mit bunten Endzeitvisionen umgibt.<\/p>\n\n\n\n<div style=\"height:32px\" aria-hidden=\"true\" class=\"wp-block-spacer\"><\/div>\n\n\n\n<div class=\"wp-block-image\"><figure class=\"aligncenter size-large is-resized\"><img loading=\"lazy\" decoding=\"async\" src=\"http:\/\/atelierflow.de\/wp-content\/uploads\/2022\/08\/Flow_Gartenparty-1024x768.jpg\" alt=\"\" class=\"wp-image-1094\" width=\"1157\" height=\"840\"\/><\/figure><\/div>\n\n\n\n<div style=\"height:34px\" aria-hidden=\"true\" class=\"wp-block-spacer\"><\/div>\n\n\n\n<p>Durch unseren Coworking Space m\u00f6chten wir zus\u00e4tzlich den interdisziplin\u00e4ren Austausch anregen und auch Leuten mit schmalem Geldbeutel eine Startplattform in die Selbstst\u00e4ndigkeit bieten. Eigentlich ist das Flow ein Kunst-Atelier, aber um bei uns zu coworken musst du nicht k\u00fcnstlern &#8211; eine gewisse Open Mindedness reicht vollkommen!<\/p>\n\n\n\n<div style=\"height:37px\" aria-hidden=\"true\" class=\"wp-block-spacer\"><\/div>\n\n\n\n<div class=\"wp-block-media-text alignwide is-stacked-on-mobile\"><figure class=\"wp-block-media-text__media\"><img loading=\"lazy\" decoding=\"async\" width=\"683\" height=\"1024\" src=\"https:\/\/atelierflow.de\/wp-content\/uploads\/2021\/02\/AtelierGemeinschafttt-683x1024.jpg\" alt=\"\" class=\"wp-image-579 size-full\" srcset=\"https:\/\/atelierflow.de\/wp-content\/uploads\/2021\/02\/AtelierGemeinschafttt-683x1024.jpg 683w, https:\/\/atelierflow.de\/wp-content\/uploads\/2021\/02\/AtelierGemeinschafttt-200x300.jpg 200w, https:\/\/atelierflow.de\/wp-content\/uploads\/2021\/02\/AtelierGemeinschafttt-768x1152.jpg 768w, https:\/\/atelierflow.de\/wp-content\/uploads\/2021\/02\/AtelierGemeinschafttt-1024x1536.jpg 1024w, https:\/\/atelierflow.de\/wp-content\/uploads\/2021\/02\/AtelierGemeinschafttt-1365x2048.jpg 1365w, https:\/\/atelierflow.de\/wp-content\/uploads\/2021\/02\/AtelierGemeinschafttt-77x116.jpg 77w, https:\/\/atelierflow.de\/wp-content\/uploads\/2021\/02\/AtelierGemeinschafttt-scaled.jpg 1707w\" sizes=\"auto, (max-width: 683px) 100vw, 683px\" \/><\/figure><div class=\"wp-block-media-text__content\">\n<p>Interesse? Melde dich einfach bei uns &#8211; am besten gleich mit einem Link zu deiner Website\/Youtube\/Instagram\/etc.<\/p>\n\n\n\n<div class=\"wp-block-buttons is-layout-flex wp-block-buttons-is-layout-flex\">\n<div class=\"wp-block-button\"><a class=\"wp-block-button__link has-background no-border-radius\" href=\"https:\/\/atelierflow.de\/index.php\/kontakt\/\" style=\"background-color:#116833\">Kontakt<\/a><\/div>\n<\/div>\n<\/div><\/div>\n\n\n\n<div style=\"height:37px\" aria-hidden=\"true\" class=\"wp-block-spacer\"><\/div>\n\n\n\n<div style=\"height:38px\" aria-hidden=\"true\" class=\"wp-block-spacer\"><\/div>\n\n\n\n<div class=\"wp-block-group\"><div class=\"wp-block-group__inner-container is-layout-flow wp-block-group-is-layout-flow\">\n<div class=\"wp-block-buttons alignright is-layout-flex wp-block-buttons-is-layout-flex\"><\/div>\n<\/div><\/div>\n\n\n\n<p>Was man sonst noch wissen sollte:<\/p>\n\n\n\n<p><br>Die Miete ist all inclusive (Nutzung von Strom, Internet und Drucker im moderaten Rahmen), f\u00fcr Meetings und Workshops kann das Foyer f\u00fcr eine zus\u00e4tzliche Geb\u00fchr tageweise gebucht werden. Wir erheben keine Kaution, die K\u00fcndigungsfrist betr\u00e4gt 1 Monat. Es gibt leider keine zus\u00e4tzlichen Lagerm\u00f6glichkeiten und Wohnen ist hier auch nicht m\u00f6glich, daf\u00fcr ist das Flow ein bunter, spannender und entspannter Arbeitsort. Freie Kunstschaffende mit Bock auf gemeinsame Ausstellungen, Aktionen und Events bevorzugt!<\/p>\n","protected":false},"excerpt":{"rendered":"<p>Du bist selbstst\u00e4ndig\/freiberuflich unterwegs und auf der Suche nach einem inspirierenden Umfeld, um deine Projektideen zu verwirklichen? In einem gr\u00fcnen Hinterhof am Rande der Bonner Altstadt gelegen, bietet das Flow die perfekte Arbeitsatmosph\u00e4re mit Anschluss an die lokale Kunstszene. Aktuell gibt es noch freie Coworking-Pl\u00e4tze in unserem Hinterzimmer zum sensationellen Preis von 50\u20ac\/Monat. An dem<\/p>\n<div><a class=\"btn-filled btn\" href=\"https:\/\/atelierflow.de\/index.php\/frei\/\" title=\"Freiraum\">Read More<\/a><\/div>\n","protected":false},"author":1,"featured_media":0,"parent":0,"menu_order":0,"comment_status":"closed","ping_status":"closed","template":"page-templates\/full-width.php","meta":{"footnotes":""},"class_list":["post-307","page","type-page","status-publish","hentry"],"jetpack_sharing_enabled":true,"_links":{"self":[{"href":"https:\/\/atelierflow.de\/index.php\/wp-json\/wp\/v2\/pages\/307","targetHints":{"allow":["GET"]}}],"collection":[{"href":"https:\/\/atelierflow.de\/index.php\/wp-json\/wp\/v2\/pages"}],"about":[{"href":"https:\/\/atelierflow.de\/index.php\/wp-json\/wp\/v2\/types\/page"}],"author":[{"embeddable":true,"href":"https:\/\/atelierflow.de\/index.php\/wp-json\/wp\/v2\/users\/1"}],"replies":[{"embeddable":true,"href":"https:\/\/atelierflow.de\/index.php\/wp-json\/wp\/v2\/comments?post=307"}],"version-history":[{"count":107,"href":"https:\/\/atelierflow.de\/index.php\/wp-json\/wp\/v2\/pages\/307\/revisions"}],"predecessor-version":[{"id":1254,"href":"https:\/\/atelierflow.de\/index.php\/wp-json\/wp\/v2\/pages\/307\/revisions\/1254"}],"wp:attachment":[{"href":"https:\/\/atelierflow.de\/index.php\/wp-json\/wp\/v2\/media?parent=307"}],"curies":[{"name":"wp","href":"https:\/\/api.w.org\/{rel}","templated":true}]}}